{"id":42627,"date":"2022-06-21T13:09:56","date_gmt":"2022-06-21T11:09:56","guid":{"rendered":"https:\/\/www.gold.fr\/news\/?page_id=42627"},"modified":"2022-06-29T11:02:00","modified_gmt":"2022-06-29T09:02:00","slug":"nous-rejoindre-recrutement","status":"publish","type":"page","link":"https:\/\/www.gold.fr\/news\/nous-rejoindre-recrutement\/","title":{"rendered":"Nous rejoindre &#8211; Recrutement"},"content":{"rendered":"<p>Depuis 1976, le <strong>Comptoir National de l&rsquo;Or<\/strong> (CNDO) intervient sur le march\u00e9 de l&rsquo;<strong>Or physique<\/strong>, qu&rsquo;il s&rsquo;agisse d&rsquo;Or investissement (Pi\u00e8ces et lingots d&rsquo;or) ou de collecte de <strong>m\u00e9taux pr\u00e9cieux<\/strong> (Bijoux en Or, argent, platine, palladium, rhodium).<\/p>\n<h2 style=\"font-size: 24px;\">Offres d&#8217;emploi au Comptoir National de l&rsquo;Or<\/h2>\n<div class=\"job_listings\" data-location=\"\" data-keywords=\"\" data-show_filters=\"true\" data-show_pagination=\"false\" data-per_page=\"10\" data-orderby=\"featured\" data-order=\"DESC\" data-categories=\"\" data-disable-form-state-storage=\"\" data-featured_first=\"false\" data-post_id=\"42627\" >\n<form class=\"job_filters\">\n\t\n\t<div class=\"search_jobs\">\n\t\t\n\t\t<div class=\"search_keywords\">\n\t\t\t<label for=\"search_keywords\">Mots-cl\u00e9s<\/label>\n\t\t\t<input type=\"text\" name=\"search_keywords\" id=\"search_keywords\" placeholder=\"Mots-cl\u00e9s\" value=\"\" \/>\n\t\t<\/div>\n\n\t\t<div class=\"search_location\">\n\t\t\t<label for=\"search_location\">Localisation<\/label>\n\t\t\t<input type=\"text\" name=\"search_location\" id=\"search_location\" placeholder=\"Localisation\" value=\"\" \/>\n\t\t<\/div>\n\n\t\t\t\t\t<div class=\"search_remote_position\">\n\t\t\t\t<input type=\"checkbox\" class=\"input-checkbox\" name=\"remote_position\" id=\"remote_position\" placeholder=\"Localisation\" value=\"1\"  \/>\n\t\t\t\t<label for=\"remote_position\" id=\"remote_position_label\">Postes en t\u00e9l\u00e9travail uniquement<\/label>\n\t\t\t<\/div>\n\t\t\n\t\t<div style=\"clear: both\"><\/div>\n\n\t\t\n\t\t\t\t\t<div class=\"search_submit\">\n\t\t\t\t<input type=\"submit\" value=\"Rechercher des offres d\u2019emploi\">\n\t\t\t<\/div>\n\t\t\n\t\t\t<\/div>\n\n\t\t<ul class=\"job_types\">\n\t\t\t\t\t<li><label for=\"job_type_freelance\" class=\"freelance\"><input type=\"checkbox\" name=\"filter_job_type[]\" value=\"freelance\"  checked='checked' id=\"job_type_freelance\" \/> Freelance<\/label><\/li>\n\t\t\t\t\t<li><label for=\"job_type_stage\" class=\"stage\"><input type=\"checkbox\" name=\"filter_job_type[]\" value=\"stage\"  checked='checked' id=\"job_type_stage\" \/> Stage<\/label><\/li>\n\t\t\t\t\t<li><label for=\"job_type_temporaire\" class=\"temporaire\"><input type=\"checkbox\" name=\"filter_job_type[]\" value=\"temporaire\"  checked='checked' id=\"job_type_temporaire\" \/> Temporaire<\/label><\/li>\n\t\t\t\t\t<li><label for=\"job_type_temps-partiel\" class=\"temps-partiel\"><input type=\"checkbox\" name=\"filter_job_type[]\" value=\"temps-partiel\"  checked='checked' id=\"job_type_temps-partiel\" \/> Temps partiel<\/label><\/li>\n\t\t\t\t\t<li><label for=\"job_type_temps-plein\" class=\"temps-plein\"><input type=\"checkbox\" name=\"filter_job_type[]\" value=\"temps-plein\"  checked='checked' id=\"job_type_temps-plein\" \/> Temps plein<\/label><\/li>\n\t\t\t<\/ul>\n\t<input type=\"hidden\" name=\"filter_job_type[]\" value=\"\" \/>\n<div class=\"showing_jobs\"><\/div><\/form>\n\n\n<noscript>Votre navigateur ne supporte pas JavaScript, ou bien JavaScript est d\u00e9sactiv\u00e9. JavaScript doit \u00eatre activ\u00e9 pour pouvoir visualiser des postes.<\/noscript>\n<ul class=\"job_listings\">\n<\/ul>\n<a class=\"load_more_jobs\" href=\"#\" style=\"display:none;\"><strong>Afficher plus d\u2019offres<\/strong><\/a><\/div>\n<p>Cr\u00e9\u00e9 par les deux fr\u00e8res Schwartz depuis 1976 \u00e0 Strasbourg, CNDO est le <strong>partenaire num\u00e9ro un et privil\u00e9gi\u00e9 du n\u00e9goce de m\u00e9taux pr\u00e9cieux<\/strong>. L\u2019enseigne se compose de deux p\u00f4les d\u2019activit\u00e9 interd\u00e9pendants : le <strong>rachat<\/strong> (bijoux, broutilles, d\u00e9chets, en or, argent, platine), et la d\u00e9livrance d\u2019Or dit \u00ab <strong>d\u2019investissement<\/strong> \u00bb (Lingots et Pi\u00e8ces d\u2019Or et d\u2019Argent). CNDO est le <strong>1er r\u00e9seau<\/strong> de franchises (leader) partout en France avec 70 agences. Le site Internet Gold.fr totalise 400 000 visiteurs chaque mois, ce qui en fait la r\u00e9f\u00e9rence du secteur, et permet au R\u00e9seau de jouir d&rsquo;une forte notori\u00e9t\u00e9, et d&rsquo;une large visibilit\u00e9. Le d\u00e9veloppement se poursuit avec de nouvelles agences en France et en Allemagne. Rejoignez nos \u00e9quipes sans plus attendre et contribuez au d\u00e9veloppement du Comptoir National de l&rsquo;Or !<\/p>\n<p>Sp\u00e9cialis\u00e9 dans le n\u00e9goce de l\u2019or et autres m\u00e9taux pr\u00e9cieux,\u00a0<a href=\"https:\/\/www.gold.fr\/devenir-partenaire\/\"><strong>le r\u00e9seau Le Comptoir national de l\u2019Or<\/strong><\/a> recrute aussi de nouveaux candidats \u00e0 la concession. Tous les profils sont les bienvenus, la motivation, la rigueur et le professionnalisme devant \u00eatre les leitmotive du futur partenaire. La formation initiale dispens\u00e9e par Le Comptoir national de l\u2019Or et la mise \u00e0 disposition de nombreux outils permettent ensuite \u00e0 chacun de d\u00e9velopper son activit\u00e9 dans les meilleures conditions.<\/p>\n<p>&nbsp;<\/p>\n<h2 style=\"text-align: center;\">Vous souhaitez nous envoyer une candidature spontan\u00e9e ?<\/h2>\n<p>&nbsp;<\/p>\n<p style=\"text-align: center;\"><a href=\"https:\/\/www.gold.fr\/news\/nous-rejoindre-recrutement\/cadidature-spontanee\/\" target=\"_self\" class=\"button \">Candidature spontan\u00e9e<\/a><\/p>\n<!-- AddThis Advanced Settings generic via filter on the_content --><!-- AddThis Share Buttons generic via filter on the_content -->","protected":false},"excerpt":{"rendered":"<p>Depuis 1976, le Comptoir National de l&rsquo;Or (CNDO) intervient sur le march\u00e9 de l&rsquo;Or physique, qu&rsquo;il s&rsquo;agisse d&rsquo;Or investissement (Pi\u00e8ces et lingots d&rsquo;or) ou de collecte de m\u00e9taux pr\u00e9cieux (Bijoux en Or, argent, platine, palladium, rhodium). [&hellip;]<\/p>\n","protected":false},"author":21,"featured_media":0,"parent":0,"menu_order":0,"comment_status":"closed","ping_status":"closed","template":"","meta":{"_mbp_gutenberg_autopost":false,"_pgmb_is_evergreen":false,"_pgmb_ap_template_id":0,"footnotes":""},"class_list":["post-42627","page","type-page","status-publish","hentry"],"yoast_head":"<!-- This site is optimized with the Yoast SEO plugin v27.5 - https:\/\/yoast.com\/product\/yoast-seo-wordpress\/ -->\n<title>Nous rejoindre Recrutement Emploi au Comptoir National de l&#039;Or<\/title>\n<meta name=\"description\" content=\"Nous rejoindre Recrutement Emploi au Comptoir National de l&#039;Or, CDI, CDD, stage, alternance, rejoignez le leader des m\u00e9taux pr\u00e9cieux\" \/>\n<meta name=\"robots\" content=\"index, follow, max-snippet:-1, max-image-preview:large, max-video-preview:-1\" \/>\n<link rel=\"canonical\" href=\"https:\/\/www.gold.fr\/news\/nous-rejoindre-recrutement\/\" \/>\n<meta property=\"og:locale\" content=\"fr_FR\" \/>\n<meta property=\"og:type\" content=\"article\" \/>\n<meta property=\"og:title\" content=\"Nous rejoindre Recrutement Emploi au Comptoir National de l&#039;Or\" \/>\n<meta property=\"og:description\" content=\"Nous rejoindre Recrutement Emploi au Comptoir National de l&#039;Or, CDI, CDD, stage, alternance, rejoignez le leader des m\u00e9taux pr\u00e9cieux\" \/>\n<meta property=\"og:url\" content=\"https:\/\/www.gold.fr\/news\/nous-rejoindre-recrutement\/\" \/>\n<meta property=\"og:site_name\" content=\"Gold.fr\" \/>\n<meta property=\"article:publisher\" content=\"https:\/\/www.facebook.com\/Goldfr\/\" \/>\n<meta property=\"article:modified_time\" content=\"2022-06-29T09:02:00+00:00\" \/>\n<meta name=\"twitter:card\" content=\"summary_large_image\" \/>\n<meta name=\"twitter:label1\" content=\"Dur\u00e9e de lecture estim\u00e9e\" \/>\n\t<meta name=\"twitter:data1\" content=\"2 minutes\" \/>\n<script type=\"application\/ld+json\" class=\"yoast-schema-graph\">{\"@context\":\"https:\\\/\\\/schema.org\",\"@graph\":[{\"@type\":\"WebPage\",\"@id\":\"https:\\\/\\\/www.gold.fr\\\/news\\\/nous-rejoindre-recrutement\\\/\",\"url\":\"https:\\\/\\\/www.gold.fr\\\/news\\\/nous-rejoindre-recrutement\\\/\",\"name\":\"Nous rejoindre Recrutement Emploi au Comptoir National de l'Or\",\"isPartOf\":{\"@id\":\"https:\\\/\\\/www.gold.fr\\\/news\\\/#website\"},\"datePublished\":\"2022-06-21T11:09:56+00:00\",\"dateModified\":\"2022-06-29T09:02:00+00:00\",\"description\":\"Nous rejoindre Recrutement Emploi au Comptoir National de l'Or, CDI, CDD, stage, alternance, rejoignez le leader des m\u00e9taux pr\u00e9cieux\",\"breadcrumb\":{\"@id\":\"https:\\\/\\\/www.gold.fr\\\/news\\\/nous-rejoindre-recrutement\\\/#breadcrumb\"},\"inLanguage\":\"fr-FR\",\"potentialAction\":[{\"@type\":\"ReadAction\",\"target\":[\"https:\\\/\\\/www.gold.fr\\\/news\\\/nous-rejoindre-recrutement\\\/\"]}]},{\"@type\":\"BreadcrumbList\",\"@id\":\"https:\\\/\\\/www.gold.fr\\\/news\\\/nous-rejoindre-recrutement\\\/#breadcrumb\",\"itemListElement\":[{\"@type\":\"ListItem\",\"position\":1,\"name\":\"Accueil\",\"item\":\"https:\\\/\\\/www.gold.fr\\\/\"},{\"@type\":\"ListItem\",\"position\":2,\"name\":\"Actualit\u00e9s\",\"item\":\"https:\\\/\\\/www.gold.fr\\\/news\\\/\"},{\"@type\":\"ListItem\",\"position\":3,\"name\":\"Nous rejoindre &#8211; Recrutement\"}]},{\"@type\":\"WebSite\",\"@id\":\"https:\\\/\\\/www.gold.fr\\\/news\\\/#website\",\"url\":\"https:\\\/\\\/www.gold.fr\\\/news\\\/\",\"name\":\"Gold.fr\",\"description\":\"Actualit\u00e9s de l&#039;Or et des m\u00e9taux pr\u00e9cieux\",\"potentialAction\":[{\"@type\":\"SearchAction\",\"target\":{\"@type\":\"EntryPoint\",\"urlTemplate\":\"https:\\\/\\\/www.gold.fr\\\/news\\\/?s={search_term_string}\"},\"query-input\":{\"@type\":\"PropertyValueSpecification\",\"valueRequired\":true,\"valueName\":\"search_term_string\"}}],\"inLanguage\":\"fr-FR\"}]}<\/script>\n<!-- \/ Yoast SEO plugin. -->","yoast_head_json":{"title":"Nous rejoindre Recrutement Emploi au Comptoir National de l'Or","description":"Nous rejoindre Recrutement Emploi au Comptoir National de l'Or, CDI, CDD, stage, alternance, rejoignez le leader des m\u00e9taux pr\u00e9cieux","robots":{"index":"index","follow":"follow","max-snippet":"max-snippet:-1","max-image-preview":"max-image-preview:large","max-video-preview":"max-video-preview:-1"},"canonical":"https:\/\/www.gold.fr\/news\/nous-rejoindre-recrutement\/","og_locale":"fr_FR","og_type":"article","og_title":"Nous rejoindre Recrutement Emploi au Comptoir National de l'Or","og_description":"Nous rejoindre Recrutement Emploi au Comptoir National de l'Or, CDI, CDD, stage, alternance, rejoignez le leader des m\u00e9taux pr\u00e9cieux","og_url":"https:\/\/www.gold.fr\/news\/nous-rejoindre-recrutement\/","og_site_name":"Gold.fr","article_publisher":"https:\/\/www.facebook.com\/Goldfr\/","article_modified_time":"2022-06-29T09:02:00+00:00","twitter_card":"summary_large_image","twitter_misc":{"Dur\u00e9e de lecture estim\u00e9e":"2 minutes"},"schema":{"@context":"https:\/\/schema.org","@graph":[{"@type":"WebPage","@id":"https:\/\/www.gold.fr\/news\/nous-rejoindre-recrutement\/","url":"https:\/\/www.gold.fr\/news\/nous-rejoindre-recrutement\/","name":"Nous rejoindre Recrutement Emploi au Comptoir National de l'Or","isPartOf":{"@id":"https:\/\/www.gold.fr\/news\/#website"},"datePublished":"2022-06-21T11:09:56+00:00","dateModified":"2022-06-29T09:02:00+00:00","description":"Nous rejoindre Recrutement Emploi au Comptoir National de l'Or, CDI, CDD, stage, alternance, rejoignez le leader des m\u00e9taux pr\u00e9cieux","breadcrumb":{"@id":"https:\/\/www.gold.fr\/news\/nous-rejoindre-recrutement\/#breadcrumb"},"inLanguage":"fr-FR","potentialAction":[{"@type":"ReadAction","target":["https:\/\/www.gold.fr\/news\/nous-rejoindre-recrutement\/"]}]},{"@type":"BreadcrumbList","@id":"https:\/\/www.gold.fr\/news\/nous-rejoindre-recrutement\/#breadcrumb","itemListElement":[{"@type":"ListItem","position":1,"name":"Accueil","item":"https:\/\/www.gold.fr\/"},{"@type":"ListItem","position":2,"name":"Actualit\u00e9s","item":"https:\/\/www.gold.fr\/news\/"},{"@type":"ListItem","position":3,"name":"Nous rejoindre &#8211; Recrutement"}]},{"@type":"WebSite","@id":"https:\/\/www.gold.fr\/news\/#website","url":"https:\/\/www.gold.fr\/news\/","name":"Gold.fr","description":"Actualit\u00e9s de l&#039;Or et des m\u00e9taux pr\u00e9cieux","potentialAction":[{"@type":"SearchAction","target":{"@type":"EntryPoint","urlTemplate":"https:\/\/www.gold.fr\/news\/?s={search_term_string}"},"query-input":{"@type":"PropertyValueSpecification","valueRequired":true,"valueName":"search_term_string"}}],"inLanguage":"fr-FR"}]}},"_links":{"self":[{"href":"https:\/\/www.gold.fr\/news\/wp-json\/wp\/v2\/pages\/42627","targetHints":{"allow":["GET"]}}],"collection":[{"href":"https:\/\/www.gold.fr\/news\/wp-json\/wp\/v2\/pages"}],"about":[{"href":"https:\/\/www.gold.fr\/news\/wp-json\/wp\/v2\/types\/page"}],"author":[{"embeddable":true,"href":"https:\/\/www.gold.fr\/news\/wp-json\/wp\/v2\/users\/21"}],"replies":[{"embeddable":true,"href":"https:\/\/www.gold.fr\/news\/wp-json\/wp\/v2\/comments?post=42627"}],"version-history":[{"count":0,"href":"https:\/\/www.gold.fr\/news\/wp-json\/wp\/v2\/pages\/42627\/revisions"}],"wp:attachment":[{"href":"https:\/\/www.gold.fr\/news\/wp-json\/wp\/v2\/media?parent=42627"}],"curies":[{"name":"wp","href":"https:\/\/api.w.org\/{rel}","templated":true}]}}